{"id":2301,"date":"2025-06-07T12:22:59","date_gmt":"2025-06-07T10:22:59","guid":{"rendered":"https:\/\/permapunk.be\/?page_id=2301"},"modified":"2026-02-25T20:04:36","modified_gmt":"2026-02-25T19:04:36","slug":"english","status":"publish","type":"page","link":"https:\/\/permapunk.be\/index.php\/english\/","title":{"rendered":"English"},"content":{"rendered":"\n<p class=\"has-text-align-center\">Permapunk propose, de septembre&nbsp;\u00e0 juin, \u00e0 Sommethonne :<\/p>\n\n\n\n<h1 class=\"wp-block-heading has-text-align-center\"><strong>Ateliers pratiques et ludiques en immersion<\/strong><\/h1>\n\n\n\n<p class=\"has-text-align-center\"><strong><mark style=\"background-color:rgba(0, 0, 0, 0)\" class=\"has-inline-color has-vivid-red-color\">!! Nouveaux horaires !!<\/mark><\/strong><\/p>\n\n\n\n<figure class=\"wp-block-image size-large\"><img loading=\"lazy\" decoding=\"async\" width=\"1024\" height=\"1024\" src=\"https:\/\/permapunk.be\/wp-content\/uploads\/2025\/11\/Alt_English-1024x1024.jpg\" alt=\"\" class=\"wp-image-2783\" srcset=\"https:\/\/permapunk.be\/wp-content\/uploads\/2025\/11\/Alt_English-1024x1024.jpg 1024w, https:\/\/permapunk.be\/wp-content\/uploads\/2025\/11\/Alt_English-250x250.jpg 250w, https:\/\/permapunk.be\/wp-content\/uploads\/2025\/11\/Alt_English-100x100.jpg 100w, https:\/\/permapunk.be\/wp-content\/uploads\/2025\/11\/Alt_English-350x350.jpg 350w, https:\/\/permapunk.be\/wp-content\/uploads\/2025\/11\/Alt_English-300x300.jpg 300w, https:\/\/permapunk.be\/wp-content\/uploads\/2025\/11\/Alt_English-150x150.jpg 150w, https:\/\/permapunk.be\/wp-content\/uploads\/2025\/11\/Alt_English-768x768.jpg 768w, https:\/\/permapunk.be\/wp-content\/uploads\/2025\/11\/Alt_English.jpg 1080w\" sizes=\"auto, (max-width: 706px) 89vw, (max-width: 767px) 82vw, 740px\" \/><\/figure>\n\n\n\n<p>Des ateliers pratiques et ludiques en immersion anglais, pour ados de 2-3-4\u00e8mes ann\u00e9es secondaires, en petits groupes,<\/p>\n\n\n\n<p>1 \u00e0 2 fois par mois, le samedi matin de 10h00 \u00e0 12h00, avec au programme&nbsp;:<\/p>\n\n\n\n<p>cuisine, jardinage, herboristerie, jeux de soci\u00e9t\u00e9, sayn\u00e8tes, chant, culture, bricolage, produits maison naturels, relaxation, discussions sur des th\u00e8mes divers et vari\u00e9s, &#8230; le tout en anglais uniquement&nbsp;!<\/p>\n\n\n\n<p>Pourquoi&nbsp;? Pour prendre confiance en soi, am\u00e9liorer sa compr\u00e9hension et son oral, pour valoriser les comp\u00e9tences acquises \u00e0 l\u2019\u00e9cole, pour exp\u00e9rimenter l\u2019anglais autrement que dans un cadre scolaire, etc<\/p>\n\n\n\n<p>PAF&nbsp;: 30\u20ac\/personne\/session ou 250\u20ac\/personne pour 10 sessions<\/p>\n\n\n\n<p>Dates restantes: 11\/04, 25\/04, 16\/05, 30\/05, 06\/06, 20\/06.<\/p>\n\n\n\n<h1 class=\"wp-block-heading has-text-align-center\"><strong>Tables de conversation et ateliers pratiques<\/strong><\/h1>\n\n\n\n<p class=\"has-text-align-center\"><strong><mark style=\"background-color:rgba(0, 0, 0, 0)\" class=\"has-inline-color has-vivid-purple-color\">!! NOUVEAU !!<\/mark><\/strong><\/p>\n\n\n\n<figure class=\"wp-block-image size-large\"><img loading=\"lazy\" decoding=\"async\" width=\"1024\" height=\"1024\" src=\"https:\/\/permapunk.be\/wp-content\/uploads\/2025\/11\/Uni-1024x1024.jpg\" alt=\"\" class=\"wp-image-2785\" srcset=\"https:\/\/permapunk.be\/wp-content\/uploads\/2025\/11\/Uni-1024x1024.jpg 1024w, https:\/\/permapunk.be\/wp-content\/uploads\/2025\/11\/Uni-250x250.jpg 250w, https:\/\/permapunk.be\/wp-content\/uploads\/2025\/11\/Uni-100x100.jpg 100w, https:\/\/permapunk.be\/wp-content\/uploads\/2025\/11\/Uni-350x350.jpg 350w, https:\/\/permapunk.be\/wp-content\/uploads\/2025\/11\/Uni-300x300.jpg 300w, https:\/\/permapunk.be\/wp-content\/uploads\/2025\/11\/Uni-150x150.jpg 150w, https:\/\/permapunk.be\/wp-content\/uploads\/2025\/11\/Uni-768x768.jpg 768w, https:\/\/permapunk.be\/wp-content\/uploads\/2025\/11\/Uni.jpg 1080w\" sizes=\"auto, (max-width: 706px) 89vw, (max-width: 767px) 82vw, 740px\" \/><\/figure>\n\n\n\n<p>Tables de conversation et ateliers pratiques en immersion anglais, pour grands ados et \u00e9tudiants du sup\u00e9rieur.<\/p>\n\n\n\n<p>Adaptation des activit\u00e9s selon la demande.<\/p>\n\n\n\n<p>Pourquoi&nbsp;? Pour garder le contact avec l\u2019anglais, pour prendre confiance en soi, am\u00e9liorer sa compr\u00e9hension et son oral, pour valoriser les comp\u00e9tences acquises \u00e0 l\u2019\u00e9cole, etc<\/p>\n\n\n\n<p>Quand : 1 \u00e0 2 samedis par mois de septembre \u00e0 juin, en suivant les rythmes scolaires, de 10h00 \u00e0 12h00<\/p>\n\n\n\n<p>O\u00f9 : chez Permapunk \u00e0 Sommethonne<\/p>\n\n\n\n<p>PAF&nbsp;: 30\u20ac\/personne\/session ou 250\u20ac\/personne pour 10 sessions<\/p>\n\n\n\n<p>Dates restantes: 04\/04, 18\/04, 23\/05, 13\/06.<\/p>\n\n\n\n<h1 class=\"wp-block-heading has-text-align-center\"><strong>Tables de conversation Adultes &amp; Grands Ados<\/strong><\/h1>\n\n\n\n<p class=\"has-text-align-center\"><strong><mark style=\"background-color:rgba(0, 0, 0, 0)\" class=\"has-inline-color has-vivid-red-color\">!! Nouveaux horaires !!<\/mark><\/strong><\/p>\n\n\n\n<figure class=\"wp-block-image size-large\"><img loading=\"lazy\" decoding=\"async\" width=\"1024\" height=\"1024\" src=\"https:\/\/permapunk.be\/wp-content\/uploads\/2025\/11\/Chat_sessions-1024x1024.jpg\" alt=\"\" class=\"wp-image-2786\" srcset=\"https:\/\/permapunk.be\/wp-content\/uploads\/2025\/11\/Chat_sessions-1024x1024.jpg 1024w, https:\/\/permapunk.be\/wp-content\/uploads\/2025\/11\/Chat_sessions-250x250.jpg 250w, https:\/\/permapunk.be\/wp-content\/uploads\/2025\/11\/Chat_sessions-100x100.jpg 100w, https:\/\/permapunk.be\/wp-content\/uploads\/2025\/11\/Chat_sessions-350x350.jpg 350w, https:\/\/permapunk.be\/wp-content\/uploads\/2025\/11\/Chat_sessions-300x300.jpg 300w, https:\/\/permapunk.be\/wp-content\/uploads\/2025\/11\/Chat_sessions-150x150.jpg 150w, https:\/\/permapunk.be\/wp-content\/uploads\/2025\/11\/Chat_sessions-768x768.jpg 768w, https:\/\/permapunk.be\/wp-content\/uploads\/2025\/11\/Chat_sessions.jpg 1080w\" sizes=\"auto, (max-width: 706px) 89vw, (max-width: 767px) 82vw, 740px\" \/><\/figure>\n\n\n\n<p>Vous \u00eates adultes et souhaitez r\u00e9activer ou entretenir votre anglais oral&nbsp;? Vous \u00eates ados en secondaire sup\u00e9rieur et d\u00e9sirez fluidifier votre d\u00e9bit de conversation en anglais&nbsp;?<\/p>\n\n\n\n<p>Les Chat Sessions sont faites pour vous&nbsp;!<\/p>\n\n\n\n<p>Chaque jeudi, participez \u00e0 nos tables de conversation, venez discuter \u00e0 b\u00e2tons rompus, de mani\u00e8re spontan\u00e9e et d\u00e9contract\u00e9e:<\/p>\n\n\n\n<p>boulot, sant\u00e9, famille, \u00e9tudes, soci\u00e9t\u00e9, vacances, quotidien, cuisine, hobbies, passions, de tout et de rien, de tout ce qui nous passe par la t\u00eate. On y parle aussi de plantes m\u00e9dicinales <img loading=\"lazy\" decoding=\"async\" height=\"16\" width=\"16\" src=\"https:\/\/static.xx.fbcdn.net\/images\/emoji.php\/v9\/t57\/1\/16\/1f609.png\" alt=\"\ud83d\ude09\">, voire m\u00eame de soins dentaires <img loading=\"lazy\" decoding=\"async\" height=\"16\" width=\"16\" src=\"https:\/\/static.xx.fbcdn.net\/images\/emoji.php\/v9\/t4f\/1\/16\/1f601.png\" alt=\"\ud83d\ude01\"><\/p>\n\n\n\n<p>Et tout cela, uniquement en anglais!<\/p>\n\n\n\n<p>Ces tables de conversation s\u2019adressent aux personnes ayant un niveau interm\u00e9diaire.<\/p>\n\n\n\n<p>Quand&nbsp;? Le jeudi de 19h00 \u00e0 20h30<\/p>\n\n\n\n<p>PAF&nbsp;: 25\u20ac\/personne\/session ou 200\u20ac\/personne pour 10 sessions.<\/p>\n\n\n\n<p>30 sessions sont pr\u00e9vues sur l\u2019ann\u00e9e scolaire 2025\/2026.<\/p>\n\n\n\n<p>&#8212;<\/p>\n\n\n\n<p>Les nouveaux horaires sont d&rsquo;application \u00e0 partir du 01\/01\/2026.<\/p>\n\n\n\n<p>Demandez le programme complet via notre <a href=\"https:\/\/permapunk.be\/index.php\/nous-joindre\/\">formulaire de contact<\/a>.<\/p>\n\n\n\n<p>Inscrivez-vous \u00e0 notre newsletter (en bas de page) pour recevoir nos informations en direct!<\/p>\n","protected":false},"excerpt":{"rendered":"<p>Permapunk propose, de septembre&nbsp;\u00e0 juin, \u00e0 Sommethonne : Ateliers pratiques et ludiques en immersion !! Nouveaux horaires !! Des ateliers pratiques et ludiques en immersion anglais, pour ados de 2-3-4\u00e8mes ann\u00e9es secondaires, en petits groupes, 1 \u00e0 2 fois par mois, le samedi matin de 10h00 \u00e0 12h00, avec au programme&nbsp;: cuisine, jardinage, herboristerie, jeux &hellip; <\/p>\n<p class=\"link-more\"><a href=\"https:\/\/permapunk.be\/index.php\/english\/\" class=\"more-link\">Continuer la lecture<span class=\"screen-reader-text\"> de &laquo;&nbsp;English&nbsp;&raquo;<\/span><\/a><\/p>\n","protected":false},"author":4,"featured_media":1622,"parent":0,"menu_order":0,"comment_status":"closed","ping_status":"closed","template":"","meta":{"footnotes":""},"class_list":["post-2301","page","type-page","status-publish","has-post-thumbnail","hentry"],"_links":{"self":[{"href":"https:\/\/permapunk.be\/index.php\/wp-json\/wp\/v2\/pages\/2301","targetHints":{"allow":["GET"]}}],"collection":[{"href":"https:\/\/permapunk.be\/index.php\/wp-json\/wp\/v2\/pages"}],"about":[{"href":"https:\/\/permapunk.be\/index.php\/wp-json\/wp\/v2\/types\/page"}],"author":[{"embeddable":true,"href":"https:\/\/permapunk.be\/index.php\/wp-json\/wp\/v2\/users\/4"}],"replies":[{"embeddable":true,"href":"https:\/\/permapunk.be\/index.php\/wp-json\/wp\/v2\/comments?post=2301"}],"version-history":[{"count":31,"href":"https:\/\/permapunk.be\/index.php\/wp-json\/wp\/v2\/pages\/2301\/revisions"}],"predecessor-version":[{"id":3134,"href":"https:\/\/permapunk.be\/index.php\/wp-json\/wp\/v2\/pages\/2301\/revisions\/3134"}],"wp:featuredmedia":[{"embeddable":true,"href":"https:\/\/permapunk.be\/index.php\/wp-json\/wp\/v2\/media\/1622"}],"wp:attachment":[{"href":"https:\/\/permapunk.be\/index.php\/wp-json\/wp\/v2\/media?parent=2301"}],"curies":[{"name":"wp","href":"https:\/\/api.w.org\/{rel}","templated":true}]}}