{"id":30,"date":"2020-09-09T14:02:39","date_gmt":"2020-09-09T12:02:39","guid":{"rendered":"https:\/\/permapunk.be\/?page_id=30"},"modified":"2026-03-26T15:18:42","modified_gmt":"2026-03-26T14:18:42","slug":"a-propos-de","status":"publish","type":"page","link":"https:\/\/permapunk.be\/index.php\/a-propos-de\/","title":{"rendered":"Qui suis-je?"},"content":{"rendered":"\n<figure class=\"wp-block-image size-large is-resized\"><img loading=\"lazy\" decoding=\"async\" width=\"1024\" height=\"1024\" src=\"https:\/\/permapunk.be\/wp-content\/uploads\/2024\/11\/Photo_athenee-1024x1024.jpg\" alt=\"\" class=\"wp-image-1980\" style=\"width:256px;height:256px\" srcset=\"https:\/\/permapunk.be\/wp-content\/uploads\/2024\/11\/Photo_athenee-1024x1024.jpg 1024w, https:\/\/permapunk.be\/wp-content\/uploads\/2024\/11\/Photo_athenee-250x250.jpg 250w, https:\/\/permapunk.be\/wp-content\/uploads\/2024\/11\/Photo_athenee-100x100.jpg 100w, https:\/\/permapunk.be\/wp-content\/uploads\/2024\/11\/Photo_athenee-350x350.jpg 350w, https:\/\/permapunk.be\/wp-content\/uploads\/2024\/11\/Photo_athenee-300x300.jpg 300w, https:\/\/permapunk.be\/wp-content\/uploads\/2024\/11\/Photo_athenee-150x150.jpg 150w, https:\/\/permapunk.be\/wp-content\/uploads\/2024\/11\/Photo_athenee-768x768.jpg 768w, https:\/\/permapunk.be\/wp-content\/uploads\/2024\/11\/Photo_athenee-1536x1536.jpg 1536w, https:\/\/permapunk.be\/wp-content\/uploads\/2024\/11\/Photo_athenee.jpg 2048w\" sizes=\"auto, (max-width: 706px) 89vw, (max-width: 767px) 82vw, 740px\" \/><\/figure>\n\n\n\n<p>Il parait que je suis un couteau suisse \ud83d\ude0a<\/p>\n\n\n\n<p>J&rsquo;ai effectivement quelques cordes \u00e0 mon arc.<\/p>\n\n\n\n<p><strong>Je suis herboriste:<\/strong><\/p>\n\n\n\n<p>C\u2019est en Angleterre que j\u2019ai fait mes premi\u00e8res incursions dans l\u2019univers des plantes m\u00e9dicinales, lors d&rsquo;un s\u00e9jour linguistique chez une aromath\u00e9rapeute. J\u2019avais 20 ans. Mais c\u2019est depuis mes grossesses et les p\u00e9riodes d\u2019allaitement que j\u2019ai intensifi\u00e9 leur utilisation. Je voulais soigner mes enfants avec les m\u00e9thodes les plus naturelles possible, gr\u00e2ce \u00e0 la phytoth\u00e9rapie.<\/p>\n\n\n\n<p>Il m\u2019aura fallu quelques \u00e9tapes avant de me d\u00e9cider \u00e0 cultiver et r\u00e9colter les simples. Ainsi, depuis une bonne dizaine d\u2019ann\u00e9es, je me passionne pour leur cycle de vie, leur entretien, leur multiplication, leurs propri\u00e9t\u00e9s th\u00e9rapeutiques, leurs possibilit\u00e9s de transformation et d\u2019utilisation dans la vie de tous les jours, pour toute la famille. Y compris les animaux de compagnie.<\/p>\n\n\n\n<p>J&rsquo;ai suivi un cursus en herboristerie \u00e0 l\u2019Ifapme d&rsquo;Arlon et suis dipl\u00f4m\u00e9e depuis septembre 2021, avec la plus grande distinction.<\/p>\n\n\n\n<p><strong>Je suis aussi prof d&rsquo;anglais:<\/strong><\/p>\n\n\n\n<p>Je suis germaniste de formation, dipl\u00f4m\u00e9e de HERS Virton en 1997.<\/p>\n\n\n\n<p>J&rsquo;ai enseign\u00e9 l&rsquo;anglais dans le primaire, le secondaire, degr\u00e9 inf\u00e9rieur et degr\u00e9 sup\u00e9rieur, dans les cours g\u00e9n\u00e9raux et techniques, en immersion ou \u00e9quivalent.<\/p>\n\n\n\n<p>Ma premi\u00e8re activit\u00e9 en tant qu&rsquo;ind\u00e9pendante a \u00e9t\u00e9 \u00ab\u00a0Alternative English\u00a0\u00bb, o\u00f9 j&rsquo;animais (d\u00e9j\u00e0):<\/p>\n\n\n\n<ul class=\"wp-block-list\">\n<li>des ateliers pratiques et ludiques en immersion anglais pour enfants et ados de 3 \u00e0 15 ans;<\/li>\n\n\n\n<li>des classes de rem\u00e9diation pour les 15-18 ans;<\/li>\n\n\n\n<li>et des tables de conversation pour adultes.<\/li>\n<\/ul>\n\n\n\n<p><strong>Je suis tisserande:<\/strong><\/p>\n\n\n\n<p>Cela fait maintenant plus de 10 ans que je croch\u00e8te et que je tisse la laine avec amour, patience et passion. J&rsquo;ai la Certification Artisan depuis mars 2024.<\/p>\n\n\n\n<p><strong>Et aussi:<\/strong><\/p>\n\n\n\n<p>&#8211; J&rsquo;ai un dipl\u00f4me de Conception en Permaculture du CRIE d\u2019Anlier (2019).<\/p>\n\n\n\n<p><strong>En conclusion:<\/strong><\/p>\n\n\n\n<p><em>Permapunk <\/em>synth\u00e9tise ce qui me tient le plus \u00e0 c\u0153ur:<\/p>\n\n\n\n<p>herboristerie, agroforesterie, permaculture, \u00e9cologie, alimentation vivante, cuisine sauvage, anglais, travail de la laine, couture, r\u00e9cup&rsquo;, recyclage, fait-maison, bien-\u00eatre au naturel, sant\u00e9 mentale, &#8230;<\/p>\n\n\n\n<p>Ce projet fusionne tout ce que j&rsquo;ai envie (et besoin) de transmettre!<\/p>\n\n\n\n<p>Au plaisir de vous rencontrer!<\/p>\n\n\n\n<p>Naturellement v\u00f4tre,<\/p>\n\n\n\n<p>Yseult<\/p>\n","protected":false},"excerpt":{"rendered":"<p>Il parait que je suis un couteau suisse \ud83d\ude0a J&rsquo;ai effectivement quelques cordes \u00e0 mon arc. Je suis herboriste: C\u2019est en Angleterre que j\u2019ai fait mes premi\u00e8res incursions dans l\u2019univers des plantes m\u00e9dicinales, lors d&rsquo;un s\u00e9jour linguistique chez une aromath\u00e9rapeute. J\u2019avais 20 ans. Mais c\u2019est depuis mes grossesses et les p\u00e9riodes d\u2019allaitement que j\u2019ai intensifi\u00e9 &hellip; <\/p>\n<p class=\"link-more\"><a href=\"https:\/\/permapunk.be\/index.php\/a-propos-de\/\" class=\"more-link\">Continuer la lecture<span class=\"screen-reader-text\"> de &laquo;&nbsp;Qui suis-je?&nbsp;&raquo;<\/span><\/a><\/p>\n","protected":false},"author":4,"featured_media":40,"parent":0,"menu_order":0,"comment_status":"closed","ping_status":"closed","template":"","meta":{"footnotes":""},"class_list":["post-30","page","type-page","status-publish","has-post-thumbnail","hentry"],"_links":{"self":[{"href":"https:\/\/permapunk.be\/index.php\/wp-json\/wp\/v2\/pages\/30","targetHints":{"allow":["GET"]}}],"collection":[{"href":"https:\/\/permapunk.be\/index.php\/wp-json\/wp\/v2\/pages"}],"about":[{"href":"https:\/\/permapunk.be\/index.php\/wp-json\/wp\/v2\/types\/page"}],"author":[{"embeddable":true,"href":"https:\/\/permapunk.be\/index.php\/wp-json\/wp\/v2\/users\/4"}],"replies":[{"embeddable":true,"href":"https:\/\/permapunk.be\/index.php\/wp-json\/wp\/v2\/comments?post=30"}],"version-history":[{"count":33,"href":"https:\/\/permapunk.be\/index.php\/wp-json\/wp\/v2\/pages\/30\/revisions"}],"predecessor-version":[{"id":3226,"href":"https:\/\/permapunk.be\/index.php\/wp-json\/wp\/v2\/pages\/30\/revisions\/3226"}],"wp:featuredmedia":[{"embeddable":true,"href":"https:\/\/permapunk.be\/index.php\/wp-json\/wp\/v2\/media\/40"}],"wp:attachment":[{"href":"https:\/\/permapunk.be\/index.php\/wp-json\/wp\/v2\/media?parent=30"}],"curies":[{"name":"wp","href":"https:\/\/api.w.org\/{rel}","templated":true}]}}