{"id":33,"date":"2025-05-09T14:02:00","date_gmt":"2025-05-09T12:02:00","guid":{"rendered":"https:\/\/permapunk.be\/?page_id=33"},"modified":"2026-03-24T14:16:04","modified_gmt":"2026-03-24T13:16:04","slug":"une-section-de-page-daccueil","status":"publish","type":"page","link":"https:\/\/permapunk.be\/index.php\/une-section-de-page-daccueil\/","title":{"rendered":"Que proposons-nous?"},"content":{"rendered":"\n<h3 class=\"wp-block-heading\"><strong>D\u00e9couverte des plantes m\u00e9dicinales<\/strong><\/h3>\n\n\n\n<ul class=\"wp-block-list\">\n<li>Une <strong><a href=\"https:\/\/permapunk.be\/index.php\/formation\/\">formation en herboristerie<\/a><\/strong> et des <strong><a href=\"https:\/\/permapunk.be\/index.php\/formation\/\" data-type=\"page\" data-id=\"569\">cercles herboristes<\/a><\/strong>, avec cours th\u00e9oriques et ateliers pratiques, \u00e0 Sommethonne, ainsi que des sorties botaniques et de la cuisine sauvage, \u00e0 chaque saison, en Gaume;<\/li>\n\n\n\n<li>Des <strong><a href=\"https:\/\/permapunk.be\/index.php\/ateliers\/\">modules Nature et Bien-\u00catre<\/a><\/strong>: sessions hebdomadaires de d\u00e9tente et relaxation, m\u00e9ditation, mouvements doux, en connexion avec la Nature et les plantes m\u00e9dicinales;<\/li>\n\n\n\n<li>Des <strong><a href=\"https:\/\/permapunk.be\/index.php\/formation\/\">ateliers pratiques<\/a><\/strong> de transformation des plantes m\u00e9dicinales;<\/li>\n\n\n\n<li>Des <strong><a href=\"https:\/\/permapunk.be\/index.php\/formation\/\" data-type=\"page\" data-id=\"569\">animations scolaires<\/a><\/strong> (en fran\u00e7ais ou en anglais);<\/li>\n\n\n\n<li>Des <strong><a href=\"https:\/\/permapunk.be\/index.php\/balades\/\" data-type=\"page\" data-id=\"2933\">balades m\u00e9dicinales<\/a><\/strong> hebdomadaires en Gaume;<\/li>\n\n\n\n<li>Du <strong><a href=\"https:\/\/permapunk.be\/index.php\/nous-joindre\/\" data-type=\"page\" data-id=\"82\">coaching personnalis\u00e9<\/a><\/strong> pour prendre soin de soi avec les m\u00e9dicinales.<\/li>\n<\/ul>\n\n\n\n<h3 class=\"wp-block-heading\"><strong>D\u00e9couverte du tissage<\/strong><\/h3>\n\n\n\n<ul class=\"wp-block-list\">\n<li>Des <strong><a href=\"https:\/\/permapunk.be\/index.php\/lyse-de-gaume\/\" data-type=\"page\" data-id=\"156\">cours et stages de tissage<\/a> <\/strong>sur m\u00e9tier \u00e0 peigne envergeur;<\/li>\n\n\n\n<li>Je vends \u00e9galement des <strong><a href=\"https:\/\/permapunk.be\/index.php\/lyse-de-gaume\/\" data-type=\"page\" data-id=\"156\">v\u00eatements et accessoires en laine<\/a>, <\/strong> tiss\u00e9s ou crochet\u00e9s par mes soins.<\/li>\n<\/ul>\n\n\n\n<h3 class=\"wp-block-heading\"><strong>Cours d&rsquo;anglais personnalis\u00e9s, en petits groupes<\/strong><\/h3>\n\n\n\n<ul class=\"wp-block-list\">\n<li>Des <strong><a href=\"https:\/\/permapunk.be\/index.php\/english\/\">ateliers pratiques et ludiques en immersion anglais<\/a><\/strong>, pour ados de 2-3-4\u00e8mes ann\u00e9es secondaires;<\/li>\n\n\n\n<li>Des <strong>t<a href=\"https:\/\/permapunk.be\/index.php\/english\/\" data-type=\"page\" data-id=\"2301\">ables de conversation et ateliers pratiques \u00e0 la demande<\/a> <\/strong>pour grands ados et \u00e9tudiants du sup\u00e9rieur;<\/li>\n\n\n\n<li>Des <strong><a href=\"https:\/\/permapunk.be\/index.php\/english\/\" data-type=\"page\" data-id=\"2301\">tables de conversation<\/a><\/strong> pour adultes et grands ados.<\/li>\n<\/ul>\n\n\n\n<h3 class=\"wp-block-heading\">Pour conna\u00eetre nos prochaines activit\u00e9s, consultez notre <a href=\"https:\/\/permapunk.be\/?page_id=144\">agenda<\/a> ou inscrivez-vous \u00e0 notre newsletter (voir en bas de page \u2b07\ufe0f) &#8230;<\/h3>\n\n\n\n<h4 class=\"wp-block-heading\">Pour plus de renseignements, <a href=\"https:\/\/permapunk.be\/?page_id=82\">contactez-nous<\/a>!<\/h4>\n","protected":false},"excerpt":{"rendered":"<p>D\u00e9couverte des plantes m\u00e9dicinales D\u00e9couverte du tissage Cours d&rsquo;anglais personnalis\u00e9s, en petits groupes Pour conna\u00eetre nos prochaines activit\u00e9s, consultez notre agenda ou inscrivez-vous \u00e0 notre newsletter (voir en bas de page \u2b07\ufe0f) &#8230; Pour plus de renseignements, contactez-nous!<\/p>\n","protected":false},"author":4,"featured_media":66,"parent":0,"menu_order":0,"comment_status":"closed","ping_status":"closed","template":"","meta":{"footnotes":""},"class_list":["post-33","page","type-page","status-publish","has-post-thumbnail","hentry"],"_links":{"self":[{"href":"https:\/\/permapunk.be\/index.php\/wp-json\/wp\/v2\/pages\/33","targetHints":{"allow":["GET"]}}],"collection":[{"href":"https:\/\/permapunk.be\/index.php\/wp-json\/wp\/v2\/pages"}],"about":[{"href":"https:\/\/permapunk.be\/index.php\/wp-json\/wp\/v2\/types\/page"}],"author":[{"embeddable":true,"href":"https:\/\/permapunk.be\/index.php\/wp-json\/wp\/v2\/users\/4"}],"replies":[{"embeddable":true,"href":"https:\/\/permapunk.be\/index.php\/wp-json\/wp\/v2\/comments?post=33"}],"version-history":[{"count":71,"href":"https:\/\/permapunk.be\/index.php\/wp-json\/wp\/v2\/pages\/33\/revisions"}],"predecessor-version":[{"id":3203,"href":"https:\/\/permapunk.be\/index.php\/wp-json\/wp\/v2\/pages\/33\/revisions\/3203"}],"wp:featuredmedia":[{"embeddable":true,"href":"https:\/\/permapunk.be\/index.php\/wp-json\/wp\/v2\/media\/66"}],"wp:attachment":[{"href":"https:\/\/permapunk.be\/index.php\/wp-json\/wp\/v2\/media?parent=33"}],"curies":[{"name":"wp","href":"https:\/\/api.w.org\/{rel}","templated":true}]}}